{"id":100,"date":"2012-01-03T18:15:53","date_gmt":"2012-01-03T18:15:53","guid":{"rendered":"http:\/\/localhost\/modernize\/?page_id=100"},"modified":"2017-02-01T00:33:51","modified_gmt":"2017-02-01T04:33:51","slug":"contact","status":"publish","type":"page","link":"https:\/\/sosuaonline.net\/inicio\/contact\/","title":{"rendered":"Contactos"},"content":{"rendered":"<h3>Tienes preguntas? Deseas informaci\u00f3n? Tienes sugerencias? Quieres compartir?<\/h3>\n<p><span style=\"color: #000000;\">Tenemos el pleno deseo de que Sos\u00faa no solo est\u00e9 en el mapa geogr\u00e1fico de la Rep\u00fablica Dominicana, sino en el mundo, v\u00eda un portal que muestre las verdaderas ideas y pensamiento de su comunidad, pero siempre contando con el apoyo de su gente y nosotros apoyando a nuestro Sos\u00faa. Nos basamos en las ideas de que Sos\u00faa tiene que expresar lo que siente y esperamos que sienta este medio suyo, porque este es nuestro deseo, Sosuaonline.net es el portal que nos une.<\/span><\/p>\n<p><span style=\"color: #000000;\">Conoce Sos\u00faa Online, conoce el staff que hace que lleguen a ti todas estas informaciones y ay\u00fadanos a seguir mejorando cada d\u00eda este portal.<\/span><\/p>\n<div class=\"clear\" style=\" height:15px;\" ><\/div>\n<h3>Redes Sociales<\/h3>\n<div class=\"shortcode-social-icon\"><a href=\"http:\/\/www.facebook.com\/sosuaonline\"><img loading=\"lazy\" decoding=\"async\" class=\"no-preload\" src=\"https:\/\/sosuaonline.net\/inicio\/wp-content\/themes\/worldwide\/images\/icon\/social-icon\/facebook.png\" width=\"32\" height=\"32\" alt=\"facebook\"><\/a><\/div>\n<div class=\"shortcode-social-icon\"><a href=\"https:\/\/twitter.com\/sosuaonline\"><img loading=\"lazy\" decoding=\"async\" class=\"no-preload\" src=\"https:\/\/sosuaonline.net\/inicio\/wp-content\/themes\/worldwide\/images\/icon\/social-icon\/twitter.png\" width=\"32\" height=\"32\" alt=\"twitter\"><\/a><\/div>\n<div class=\"shortcode-social-icon\"><a href=\"https:\/\/www.youtube.com\/user\/sosuaonline\"><img loading=\"lazy\" decoding=\"async\" class=\"no-preload\" src=\"https:\/\/sosuaonline.net\/inicio\/wp-content\/themes\/worldwide\/images\/icon\/social-icon\/youtube.png\" width=\"32\" height=\"32\" alt=\"youtube\"><\/a><\/div>\n<div class=\"shortcode-social-icon\"><a href=\"https:\/\/www.flickr.com\/photos\/sosuaonline\"><img loading=\"lazy\" decoding=\"async\" class=\"no-preload\" src=\"https:\/\/sosuaonline.net\/inicio\/wp-content\/themes\/worldwide\/images\/icon\/social-icon\/flickr.png\" width=\"32\" height=\"32\" alt=\"flickr\"><\/a><\/div>\n<div class=\"clear\" style=\" height:30px;\" ><\/div>\n<h3>STAFF DE SOS\u00daA ONLINE<\/h3>\n<div class=\"personnal-item-holder\"><div class=\"row\"><div class=\"three columns personnal-item-wrapper\"><div class=\"personnal-item\"><div class=\"personnal-thumbnail\"><img decoding=\"async\" src=\"https:\/\/sosuaonline.net\/inicio\/wp-content\/uploads\/2014\/06\/anderson1.jpg\" alt=\"\"><\/div><div class=\"personnal-title\">Ing. Luis J. Almonte (Anderson)<\/div><div class=\"personnal-position\">Administrador \/ Propietario<\/div><div class=\"personnal-content\"><p class=\"contact-name contentheading\"><span class=\"jcontact-street\">Los Charamicos, \u00a0<\/span><span class=\"jcontact-state\">Sos\u00faa <\/span><\/p>\r\n\r\n<div class=\"jcontact-contactinfo\">\r\n\r\n<span class=\"jicons-icons\">Tel.\u00a0<\/span><span class=\"jcontact-telephone\">809.571.3141\r\n<\/span>M\u00f3vil:\u00a0<span class=\"jcontact-mobile\">809.841.3533 (Whatsapp)<\/span>\r\n\r\n<\/div><\/div><div class=\"personnal-social-info\"><div class=\"shortcode-social-icon\"><a href=\"https:\/\/www.facebook.com\/anderson.almonte.1\"><img loading=\"lazy\" decoding=\"async\" class=\"no-preload\" src=\"https:\/\/sosuaonline.net\/inicio\/wp-content\/themes\/worldwide\/images\/icon\/social-icon\/facebook.png\" width=\"32\" height=\"32\" alt=\"facebook\"><\/a><\/div>\r\n<div class=\"shortcode-social-icon\"><a href=\"http:\/\/www.twitter.com\/sosuaonline\"><img loading=\"lazy\" decoding=\"async\" class=\"no-preload\" src=\"https:\/\/sosuaonline.net\/inicio\/wp-content\/themes\/worldwide\/images\/icon\/social-icon\/twitter.png\" width=\"32\" height=\"32\" alt=\"twitter\"><\/a><\/div>\r\n<div class=\"shortcode-social-icon\"><a href=\"https:\/\/plus.google.com\/107162812435523789259\/posts\"><img loading=\"lazy\" decoding=\"async\" class=\"no-preload\" src=\"https:\/\/sosuaonline.net\/inicio\/wp-content\/themes\/worldwide\/images\/icon\/social-icon\/google-plus.png\" width=\"32\" height=\"32\" alt=\"google-plus\"><\/a><\/div>\r\n<div class=\"shortcode-social-icon\"><a href=\"http:\/\/www.instagram.com\/sosuaonline\"><img loading=\"lazy\" decoding=\"async\" class=\"no-preload\" src=\"https:\/\/sosuaonline.net\/inicio\/wp-content\/themes\/worldwide\/images\/icon\/social-icon\/instagram.png\" width=\"32\" height=\"32\" alt=\"instagram\"><\/a><\/div>\r\n<div class=\"shortcode-social-icon\"><a href=\"http:\/\/www.flickr.com\/sosuaonline2\"><img loading=\"lazy\" decoding=\"async\" class=\"no-preload\" src=\"https:\/\/sosuaonline.net\/inicio\/wp-content\/themes\/worldwide\/images\/icon\/social-icon\/flickr.png\" width=\"32\" height=\"32\" alt=\"flickr\"><\/a><\/div>\r\n\r\n<div class=\"clear\"><\/div><\/div><div class=\"clear\"><\/div><\/div><\/div><div class=\"three columns personnal-item-wrapper\"><div class=\"personnal-item\"><div class=\"personnal-thumbnail\"><img decoding=\"async\" src=\"https:\/\/sosuaonline.net\/inicio\/wp-content\/uploads\/2012\/08\/Gabriel-rodriguez.jpg\" alt=\"\"><\/div><div class=\"personnal-title\">Gabriel Rodriguez<\/div><div class=\"personnal-position\">Web Master<\/div><div class=\"personnal-content\">Sos\u00faa, Rep\u00fablica Dominicana\r\n<div class=\"jcontact-contactinfo\">M\u00f3vil:\u00a0809.839.8903<\/div>\r\n<div class=\"contact-miscinfo\"><\/div><\/div><div class=\"personnal-social-info\"><div class=\"shortcode-social-icon\"><a href=\"http:\/\/www.facebook.com\/gabrielrodes\"><img loading=\"lazy\" decoding=\"async\" class=\"no-preload\" src=\"https:\/\/sosuaonline.net\/inicio\/wp-content\/themes\/worldwide\/images\/icon\/social-icon\/facebook.png\" width=\"32\" height=\"32\" alt=\"facebook\"><\/a><\/div>\r\n<div class=\"shortcode-social-icon\"><a href=\"http:\/\/www.twitter.com\/gabrielrodes\"><img loading=\"lazy\" decoding=\"async\" class=\"no-preload\" src=\"https:\/\/sosuaonline.net\/inicio\/wp-content\/themes\/worldwide\/images\/icon\/social-icon\/twitter.png\" width=\"32\" height=\"32\" alt=\"twitter\"><\/a><\/div>\r\n<div class=\"shortcode-social-icon\"><a href=\"https:\/\/plus.google.com\/+gabrielrodes\"><img loading=\"lazy\" decoding=\"async\" class=\"no-preload\" src=\"https:\/\/sosuaonline.net\/inicio\/wp-content\/themes\/worldwide\/images\/icon\/social-icon\/google-plus.png\" width=\"32\" height=\"32\" alt=\"google-plus\"><\/a><\/div>\r\n<div class=\"shortcode-social-icon\"><a href=\"http:\/\/www.500px.com\/gabrielarts\"><img loading=\"lazy\" decoding=\"async\" class=\"no-preload\" src=\"https:\/\/sosuaonline.net\/inicio\/wp-content\/themes\/worldwide\/images\/icon\/social-icon\/500px.png\" width=\"32\" height=\"32\" alt=\"500px\"><\/a><\/div>\r\n<div class=\"shortcode-social-icon\"><a href=\"http:\/\/www.instagram.com\/gabrielrodes\"><img loading=\"lazy\" decoding=\"async\" class=\"no-preload\" src=\"https:\/\/sosuaonline.net\/inicio\/wp-content\/themes\/worldwide\/images\/icon\/social-icon\/instagram.png\" width=\"32\" height=\"32\" alt=\"instagram\"><\/a><\/div>\r\n<div class=\"shortcode-social-icon\"><a href=\"http:\/\/www.flickr.com\/gabrielrodes\"><img loading=\"lazy\" decoding=\"async\" class=\"no-preload\" src=\"https:\/\/sosuaonline.net\/inicio\/wp-content\/themes\/worldwide\/images\/icon\/social-icon\/flickr.png\" width=\"32\" height=\"32\" alt=\"flickr\"><\/a><\/div><div class=\"clear\"><\/div><\/div><div class=\"clear\"><\/div><\/div><\/div><div class=\"three columns personnal-item-wrapper\"><div class=\"personnal-item\"><div class=\"personnal-thumbnail\"><img decoding=\"async\" src=\"https:\/\/sosuaonline.net\/inicio\/wp-content\/uploads\/2012\/08\/glenny_brito.jpg\" alt=\"\"><\/div><div class=\"personnal-title\">Glennys Esther Brito<\/div><div class=\"personnal-position\">Sub-Administradora<\/div><div class=\"personnal-content\"><div class=\"jcontact-address\"><address><span class=\"jcontact-suburb\">Los Charamicos,\u00a0<\/span><span class=\"jcontact-state\">Puerto Plata,\u00a0<\/span><span class=\"jcontact-postcode\">\u00a0<\/span><span class=\"jcontact-country\">Rep\u00fablica Dominicana<\/span><\/address><\/div>\r\n<div class=\"jcontact-contactinfo\">\r\n\r\n<span class=\"jicons-icons\"><img decoding=\"async\" src=\"http:\/\/sosuaonline.net\/site\/images\/M_images\/con_tel.png\" alt=\"Telephone: \" \/> <\/span><span class=\"jcontact-telephone\">809-571-3141<\/span>\r\n\r\n<\/div><\/div><div class=\"clear\"><\/div><\/div><\/div><div class=\"three columns personnal-item-wrapper\"><div class=\"personnal-item\"><div class=\"personnal-thumbnail\"><img decoding=\"async\" src=\"https:\/\/sosuaonline.net\/inicio\/wp-content\/uploads\/2012\/08\/Yahairy.jpg\" alt=\"\"><\/div><div class=\"personnal-title\">Yahairy Esther Brito<\/div><div class=\"personnal-position\">Directora Redacci\u00f3n<\/div><div class=\"personnal-content\">La Uni\u00f3n, Sos\u00faa, Rep\u00fablica Dominicana<\/div><div class=\"personnal-social-info\"><div class=\"shortcode-social-icon\"><a href=\"yahairyesther.brito\"><img loading=\"lazy\" decoding=\"async\" class=\"no-preload\" src=\"https:\/\/sosuaonline.net\/inicio\/wp-content\/themes\/worldwide\/images\/icon\/social-icon\/facebook.png\" width=\"32\" height=\"32\" alt=\"facebook\"><\/a><\/div><div class=\"clear\"><\/div><\/div><div class=\"clear\"><\/div><\/div><\/div><div class=\"clear\"><\/div><\/div><div class=\"row\"><div class=\"three columns personnal-item-wrapper\"><div class=\"personnal-item\"><div class=\"personnal-thumbnail\"><img decoding=\"async\" src=\"https:\/\/sosuaonline.net\/inicio\/wp-content\/uploads\/2012\/08\/marlon_velette.jpg\" alt=\"\"><\/div><div class=\"personnal-title\">Marlon Velette<\/div><div class=\"personnal-position\">Enc. Asunto Extranjero y\/o Corresponsal<\/div><div class=\"personnal-content\"><img decoding=\"async\" src=\"http:\/\/sosuaonline.net\/site\/images\/M_images\/con_address.png\" alt=\"Address: \" \/><span class=\"jcontact-street\">Brooklyn,<\/span><span class=\"jcontact-suburb\">\u00a0<\/span><span class=\"jcontact-state\">New York,\u00a0<\/span><span class=\"jcontact-country\">Estados Unidos\r\n<\/span><img decoding=\"async\" src=\"http:\/\/sosuaonline.net\/site\/images\/M_images\/con_mobile.png\" alt=\"Mobile Phone Number: \" \/> <span class=\"jcontact-mobile\">(347) 276-2316<\/span><\/div><div class=\"personnal-social-info\"><div class=\"shortcode-social-icon\"><a href=\"https:\/\/www.facebook.com\/marlon.velette\"><img loading=\"lazy\" decoding=\"async\" class=\"no-preload\" src=\"https:\/\/sosuaonline.net\/inicio\/wp-content\/themes\/worldwide\/images\/icon\/social-icon\/facebook.png\" width=\"32\" height=\"32\" alt=\"facebook\"><\/a><\/div>\r\n<div class=\"clear\"><\/div><\/div><div class=\"clear\"><\/div><\/div><\/div><div class=\"three columns personnal-item-wrapper\"><div class=\"personnal-item\"><div class=\"personnal-thumbnail\"><img decoding=\"async\" src=\"https:\/\/sosuaonline.net\/inicio\/wp-content\/uploads\/2012\/08\/carlos_manuel.jpg\" alt=\"\"><\/div><div class=\"personnal-title\">Carlos Manuel Guzm\u00e1n M.<\/div><div class=\"personnal-position\">Enc. Planeaci\u00f3n E Implementaci\u00f3n de Proyectos<\/div><div class=\"personnal-content\"><img decoding=\"async\" src=\"http:\/\/sosuaonline.net\/site\/images\/M_images\/con_address.png\" alt=\"Address: \" \/>Arrecife, Canarias, Espa\u00f1a<\/div><div class=\"personnal-social-info\"><div class=\"shortcode-social-icon\"><a href=\"https:\/\/www.facebook.com\/cguzmanm\"><img loading=\"lazy\" decoding=\"async\" class=\"no-preload\" src=\"https:\/\/sosuaonline.net\/inicio\/wp-content\/themes\/worldwide\/images\/icon\/social-icon\/facebook.png\" width=\"32\" height=\"32\" alt=\"facebook\"><\/a><\/div><div class=\"clear\"><\/div><\/div><div class=\"clear\"><\/div><\/div><\/div><div class=\"three columns personnal-item-wrapper\"><div class=\"personnal-item\"><div class=\"personnal-thumbnail\"><img decoding=\"async\" src=\"https:\/\/sosuaonline.net\/inicio\/wp-content\/uploads\/2012\/08\/felix_corona.jpg\" alt=\"\"><\/div><div class=\"personnal-title\">Felix R. Corona Abreu<\/div><div class=\"personnal-position\">Redactor \/ Posteador<\/div><div class=\"personnal-content\"><p class=\"contact-name contentheading\"><span class=\"jcontact-suburb\">Sos\u00faa,\u00a0<\/span><span class=\"jcontact-postcode\">\u00a0<\/span><span class=\"jcontact-country\">Rep\u00fablica Dominicana\r\n<\/span><span class=\"jicons-icons\"><img decoding=\"async\" src=\"http:\/\/sosuaonline.net\/site\/images\/M_images\/con_tel.png\" alt=\"Telephone: \" \/> 809-571-2000<\/span><span class=\"jcontact-telephone\">\u00a0<\/span><img decoding=\"async\" src=\"http:\/\/sosuaonline.net\/site\/images\/M_images\/con_mobile.png\" alt=\"Mobile Phone Number: \" \/>809-222-5340<span class=\"jcontact-mobile\">\r\n<\/span><a href=\"http:\/\/www.felixcorona.com\/\" target=\"_blank\">http:\/\/www.felixcorona.com<\/a><\/p><\/div><div class=\"personnal-social-info\"><div class=\"shortcode-social-icon\"><a href=\"https:\/\/www.facebook.com\/felixrcorona\"><img loading=\"lazy\" decoding=\"async\" class=\"no-preload\" src=\"https:\/\/sosuaonline.net\/inicio\/wp-content\/themes\/worldwide\/images\/icon\/social-icon\/facebook.png\" width=\"32\" height=\"32\" alt=\"facebook\"><\/a><\/div>\r\n<div class=\"shortcode-social-icon\"><a href=\"http:\/\/www.twitter.com\/felixcorona1\"><img loading=\"lazy\" decoding=\"async\" class=\"no-preload\" src=\"https:\/\/sosuaonline.net\/inicio\/wp-content\/themes\/worldwide\/images\/icon\/social-icon\/twitter.png\" width=\"32\" height=\"32\" alt=\"twitter\"><\/a><\/div>\r\n<div class=\"shortcode-social-icon\"><a href=\"https:\/\/plus.google.com\/116244741365590881118\"><img loading=\"lazy\" decoding=\"async\" class=\"no-preload\" src=\"https:\/\/sosuaonline.net\/inicio\/wp-content\/themes\/worldwide\/images\/icon\/social-icon\/google-plus.png\" width=\"32\" height=\"32\" alt=\"google-plus\"><\/a><\/div><div class=\"clear\"><\/div><\/div><div class=\"clear\"><\/div><\/div><\/div><div class=\"three columns personnal-item-wrapper\"><div class=\"personnal-item\"><div class=\"personnal-thumbnail\"><img decoding=\"async\" src=\"https:\/\/sosuaonline.net\/inicio\/wp-content\/uploads\/2012\/08\/Juan-Octavio.jpg\" alt=\"\"><\/div><div class=\"personnal-title\">Tavo G\u00fazman<\/div><div class=\"personnal-position\">Redactor \/ Posteador<\/div><div class=\"personnal-content\"><img decoding=\"async\" src=\"http:\/\/sosuaonline.net\/site\/images\/M_images\/con_address.png\" alt=\"Address: \" \/>Moca, Espaillat, R.D.<span class=\"jcontact-country\">\r\n<\/span><img decoding=\"async\" src=\"http:\/\/sosuaonline.net\/site\/images\/M_images\/con_mobile.png\" alt=\"Mobile Phone Number: \" \/> <span class=\"jcontact-mobile\">809-360-5470<\/span><\/div><div class=\"personnal-social-info\"><div class=\"shortcode-social-icon\"><a href=\"https:\/\/www.facebook.com\/pages\/54-Grado\/858900207470015?ref=br_rs\"><img loading=\"lazy\" decoding=\"async\" class=\"no-preload\" src=\"https:\/\/sosuaonline.net\/inicio\/wp-content\/themes\/worldwide\/images\/icon\/social-icon\/facebook.png\" width=\"32\" height=\"32\" alt=\"facebook\"><\/a><\/div>\r\n<div class=\"shortcode-social-icon\"><a href=\"http:\/\/www.twitter.com\/guzmantavo\"><img loading=\"lazy\" decoding=\"async\" class=\"no-preload\" src=\"https:\/\/sosuaonline.net\/inicio\/wp-content\/themes\/worldwide\/images\/icon\/social-icon\/twitter.png\" width=\"32\" height=\"32\" alt=\"twitter\"><\/a><\/div><div class=\"clear\"><\/div><\/div><div class=\"clear\"><\/div><\/div><\/div><div class=\"clear\"><\/div><\/div><div class=\"row\"><div class=\"three columns personnal-item-wrapper\"><div class=\"personnal-item\"><div class=\"personnal-thumbnail\"><img decoding=\"async\" src=\"https:\/\/sosuaonline.net\/inicio\/wp-content\/uploads\/2012\/08\/10354957_824803244230135_47200066458685853_n.jpg\" alt=\"\"><\/div><div class=\"personnal-title\">Jhonatan P\u00e9rez<\/div><div class=\"personnal-position\">Reportero AudioVisual<\/div><div class=\"personnal-content\"><p class=\"contact-name contentheading\"><span class=\"jcontact-suburb\">Direcci\u00f3n: Sos\u00faa,\u00a0<\/span><span class=\"jcontact-country\">Rep. Dom.<\/span><\/p>\r\n<p class=\"contact-name contentheading\"><span class=\"jcontact-telephone\">Oficina:\u00a0<\/span><span class=\"jcontact-telephone\">(809) 571 3141 <\/span><\/p>\r\n<p class=\"contact-name contentheading\"><span class=\"jcontact-mobile\">M\u00f3vil: (829) 566 1959<\/span><\/p><\/div><div class=\"personnal-social-info\"><div class=\"shortcode-social-icon\"><a href=\"https:\/\/www.facebook.com\/#!\/jhonatan.perez.1272\"><img loading=\"lazy\" decoding=\"async\" class=\"no-preload\" src=\"https:\/\/sosuaonline.net\/inicio\/wp-content\/themes\/worldwide\/images\/icon\/social-icon\/facebook.png\" width=\"32\" height=\"32\" alt=\"facebook\"><\/a><\/div>\r\n<div class=\"shortcode-social-icon\"><a href=\"https:\/\/instagram.com\/jho_p\/\"><img loading=\"lazy\" decoding=\"async\" class=\"no-preload\" src=\"https:\/\/sosuaonline.net\/inicio\/wp-content\/themes\/worldwide\/images\/icon\/social-icon\/instagram.png\" width=\"32\" height=\"32\" alt=\"instagram\"><\/a><\/div>\r\n<div class=\"clear\"><\/div><\/div><div class=\"clear\"><\/div><\/div><\/div><div class=\"three columns personnal-item-wrapper\"><div class=\"personnal-item\"><div class=\"personnal-thumbnail\"><img decoding=\"async\" src=\"https:\/\/sosuaonline.net\/inicio\/wp-content\/uploads\/2012\/08\/24296324_1692364734149061_8830036678476493233_n.jpg\" alt=\"\"><\/div><div class=\"personnal-title\">Edison Miguel Bisiosos<\/div><div class=\"personnal-position\">Reportero Audiovisual<\/div><div class=\"personnal-content\"><p class=\"contact-name contentheading\"><img decoding=\"async\" src=\"http:\/\/sosuaonline.net\/site\/images\/M_images\/con_address.png\" alt=\"Address: \" \/><span class=\"jcontact-street\">Los Charamicos <\/span><span class=\"jcontact-suburb\">Sos\u00faa\r\n<\/span><img decoding=\"async\" src=\"http:\/\/sosuaonline.net\/site\/images\/M_images\/con_mobile.png\" alt=\"Mobile Phone Number: \" \/> <span class=\"jcontact-mobile\">809-786-6877<\/span><\/p><\/div><div class=\"personnal-social-info\"><div class=\"shortcode-social-icon\"><a href=\"https:\/\/www.facebook.com\/Dn3sm\"><img loading=\"lazy\" decoding=\"async\" class=\"no-preload\" src=\"https:\/\/sosuaonline.net\/inicio\/wp-content\/themes\/worldwide\/images\/icon\/social-icon\/facebook.png\" width=\"32\" height=\"32\" alt=\"facebook\"><\/a><\/div>\r\n<div class=\"shortcode-social-icon\"><a href=\"https:\/\/plus.google.com\/105135778829588099072\"><img loading=\"lazy\" decoding=\"async\" class=\"no-preload\" src=\"https:\/\/sosuaonline.net\/inicio\/wp-content\/themes\/worldwide\/images\/icon\/social-icon\/google-plus.png\" width=\"32\" height=\"32\" alt=\"google-plus\"><\/a><\/div>\r\n\r\n\r\n<div class=\"clear\"><\/div><\/div><div class=\"clear\"><\/div><\/div><\/div><div class=\"clear\"><\/div><\/div><\/div>\n<p>&nbsp;<\/p>\n","protected":false},"excerpt":{"rendered":"<p>Tienes preguntas? Deseas informaci\u00f3n? Tienes sugerencias? Quieres compartir? Tenemos el pleno deseo de que Sos\u00faa no solo est\u00e9 en el mapa geogr\u00e1fico de la Rep\u00fablica Dominicana, sino en el mundo, v\u00eda un portal que muestre las verdaderas ideas y pensamiento de su comunidad, pero siempre contando con el apoyo de su gente y nosotros apoyando a nuestro Sos\u00faa. Nos basamos en las ideas de que Sos\u00faa tiene que expresar lo que siente y esperamos que sienta este medio suyo, porque este es nuestro deseo, Sosuaonline.net es el portal que nos une. Conoce Sos\u00faa Online, conoce el staff que hace que lleguen a ti todas estas informaciones y ay\u00fadanos a seguir mejorando cada d\u00eda este portal. Redes Sociales STAFF DE SOS\u00daA ONLINE &nbsp;<\/p>\n","protected":false},"author":3,"featured_media":0,"parent":0,"menu_order":0,"comment_status":"closed","ping_status":"open","template":"","meta":{"advanced_seo_description":"","jetpack_seo_html_title":"","jetpack_seo_noindex":false,"footnotes":""},"class_list":["post-100","page","type-page","status-publish","hentry"],"jetpack_sharing_enabled":true,"_links":{"self":[{"href":"https:\/\/sosuaonline.net\/inicio\/wp-json\/wp\/v2\/pages\/100","targetHints":{"allow":["GET"]}}],"collection":[{"href":"https:\/\/sosuaonline.net\/inicio\/wp-json\/wp\/v2\/pages"}],"about":[{"href":"https:\/\/sosuaonline.net\/inicio\/wp-json\/wp\/v2\/types\/page"}],"author":[{"embeddable":true,"href":"https:\/\/sosuaonline.net\/inicio\/wp-json\/wp\/v2\/users\/3"}],"replies":[{"embeddable":true,"href":"https:\/\/sosuaonline.net\/inicio\/wp-json\/wp\/v2\/comments?post=100"}],"version-history":[{"count":17,"href":"https:\/\/sosuaonline.net\/inicio\/wp-json\/wp\/v2\/pages\/100\/revisions"}],"predecessor-version":[{"id":63721,"href":"https:\/\/sosuaonline.net\/inicio\/wp-json\/wp\/v2\/pages\/100\/revisions\/63721"}],"wp:attachment":[{"href":"https:\/\/sosuaonline.net\/inicio\/wp-json\/wp\/v2\/media?parent=100"}],"curies":[{"name":"wp","href":"https:\/\/api.w.org\/{rel}","templated":true}]}}