{"id":4636,"date":"2014-06-21T14:26:29","date_gmt":"2014-06-21T14:26:29","guid":{"rendered":"http:\/\/sosuaonline.net\/inicio\/?page_id=4636"},"modified":"2016-01-05T12:15:18","modified_gmt":"2016-01-05T16:15:18","slug":"nosotros","status":"publish","type":"page","link":"https:\/\/sosuaonline.net\/inicio\/nosotros\/","title":{"rendered":"Nosotros"},"content":{"rendered":"<div id=\"_mcePaste\">\n<p style=\"text-align: center;\"><strong><span style=\"color: #0000ff;\"><a href=\"http:\/\/sosuaonline.net\/inicio\/wp-content\/uploads\/2014\/06\/logo-sosuaonline1.jpg\"><img loading=\"lazy\" decoding=\"async\" data-attachment-id=\"4643\" data-permalink=\"https:\/\/sosuaonline.net\/inicio\/nosotros\/logo-sosuaonline-2\/\" data-orig-file=\"https:\/\/sosuaonline.net\/inicio\/wp-content\/uploads\/2014\/06\/logo-sosuaonline1.jpg\" data-orig-size=\"721,793\" data-comments-opened=\"1\" data-image-meta=\"{&quot;aperture&quot;:&quot;0&quot;,&quot;credit&quot;:&quot;&quot;,&quot;camera&quot;:&quot;&quot;,&quot;caption&quot;:&quot;&quot;,&quot;created_timestamp&quot;:&quot;0&quot;,&quot;copyright&quot;:&quot;&quot;,&quot;focal_length&quot;:&quot;0&quot;,&quot;iso&quot;:&quot;0&quot;,&quot;shutter_speed&quot;:&quot;0&quot;,&quot;title&quot;:&quot;&quot;}\" data-image-title=\"logo sosuaonline\" data-image-description=\"\" data-image-caption=\"\" data-medium-file=\"https:\/\/sosuaonline.net\/inicio\/wp-content\/uploads\/2014\/06\/logo-sosuaonline1-272x300.jpg\" data-large-file=\"https:\/\/sosuaonline.net\/inicio\/wp-content\/uploads\/2014\/06\/logo-sosuaonline1.jpg\" class=\"wp-image-4643 aligncenter\" src=\"http:\/\/sosuaonline.net\/inicio\/wp-content\/uploads\/2014\/06\/logo-sosuaonline1.jpg\" alt=\"logo sosuaonline\" width=\"229\" height=\"252\" srcset=\"https:\/\/sosuaonline.net\/inicio\/wp-content\/uploads\/2014\/06\/logo-sosuaonline1.jpg 721w, https:\/\/sosuaonline.net\/inicio\/wp-content\/uploads\/2014\/06\/logo-sosuaonline1-272x300.jpg 272w\" sizes=\"auto, (max-width: 229px) 100vw, 229px\" \/><\/a>Sos\u00faa Online \u2013 El Portal Que Nos Une!<\/span><\/strong><\/p>\n<\/div>\n<div id=\"_mcePaste\">Somos un grupo de j\u00f3venes que tenemos el pleno deseo de que Sos\u00faa no solo est\u00e9 en el mapa geogr\u00e1fico de la Rep\u00fablica Dominicana, sino en el mundo, v\u00eda un portal que muestre las verdaderas ideas y pensamiento de su comunidad, pero siempre contando con el apoyo de su gente y nosotros apoyando a nuestro Sos\u00faa. Nos basamos en las ideas de que Sos\u00faa tiene que expresar lo que siente y esperamos que sieta este medio suyo, porque este es nuestro deseo, Sosuaonline.net y\/o Sosuaonline.com.do\u00a0es el portal que nos une.<\/div>\n<div><\/div>\n<div><strong class=\"readmore\"><span style=\"color: #000000;\">Objetivos:<\/span><\/strong><\/div>\n<div id=\"_mcePaste\">Hacer que estemos unidos, tanto nuestra gente que est\u00e1 aqu\u00ed en el pa\u00eds, como el que este en el exterior, siempre \u00a0con el pensamiento de que prevalezcan los valores, buenas costumbres y sobre todo, presentar de una manera jovial las informaciones.<\/div>\n<div>Adem\u00e1s de que el contenido de nuestro portal sea lo que ustedes pidan y deseen, pero con criterio de que la verdad sea nuestro norte y que Dios ilumine el camino para tener la suficiente sabidur\u00eda, teniendo siempre presente que lo importante no es lo econ\u00f3mico, sino luchar porque nuestro pueblo sea lo que fue un d\u00eda,\u00a0<strong>UN PUEBLO BELLO CON GENTE BONDADOZA Y SENCILLA.<\/strong><\/div>\n<div><\/div>\n<div><strong>Agradecimientos:<\/strong><\/div>\n<div id=\"_mcePaste\">Son muchos los agradecimientos, comenzando con todas las personas que se aproximan a cada uno de nosotros y nos expresan su alegr\u00eda de la creaci\u00f3n de este portal, pero tambi\u00e9n le agradecemos a cada uno de los colaboradores, a todos los usuarios que diariamente nos visitan y nos dicen en que nos equivocamos, para asi corregirlo; porque en su portal no puede haber errores, nos reclaman.<\/div>\n<div><\/div>\n<p><strong>Breve Historia de Sosuaonline.net y\/o Sosuaonline.com.do<\/strong><\/p>\n<div id=\"_mcePaste\">Sos\u00faa Online surge un<strong>\u00a014 de mayo del 2008<\/strong>, pero la verdadera historia de nuestro portal se remonta a principio del mes de febrero que el<strong><span style=\"color: #000000;\">\u00a0Ing. Luis Jacobo Almonte (Anderson)<\/span><\/strong>\u00a0recibe un mensaje por HI5 de parte de\u00a0<strong>Carlos Manuel Guzm\u00e1n Mart\u00ednez<\/strong>, el cual le ped\u00eda que dispusiera de sus buenos servicios para crear una p\u00e1gina de Internet que fuera como otras que\u00a0 mantienen a su pueblo informado, que \u00e9l aportar\u00eda lo que pudiera. Anderson recibe este mensaje 3 meses despu\u00e9s y aunque hab\u00eda tenido la idea desde hace mucho tiempo, se motiva porque entra a un foro de sosuenses que ped\u00edan una manera de comunicarse. As\u00ed comienza la historia, no cobrando nada por la motivaci\u00f3n que al final pasar\u00eda a beneficiar a todos los sosuenses.|<\/div>\n<div>Anderson se comunica con su amigo, el\u00a0<strong>Ing. Jos\u00e9 Eduardo Rosario<\/strong>\u00a0y le pide ayuda por la parte m\u00e1s delicada de la p\u00e1gina y ah\u00ed comienza el proyecto, Eduardo pasa a ser el Web Master y ese 14 de mayo con Sosuaonline.net versi\u00f3n Web 1.0, comenzamos con apenas dos m\u00f3dulos: Noticias y art\u00edculos. Llegando a ser confundidos con peri\u00f3dicos digitales de la zona en ese momento. Hoy en d\u00eda tenemos un sinn\u00famero de m\u00f3dulos que esperamos que sean de su agrado y con proyecci\u00f3n de incorporar m\u00e1s.<\/div>\n<div>Una persona que se integra al proyecto, colaborando fuertemente con las im\u00e1genes es<strong>\u00a0Orlando Mart\u00ednez<\/strong>. Quien nos prest\u00f3 su c\u00e1mara en todo momento que era necesaria. M\u00e1s luego se anexan\u00a0<strong>Neferson De La Cruz, Jos\u00e9 Alfredo Mercado (Ca\u00f1\u00f3n) y Richie, Freysy, Glenny y dem\u00e1s,<\/strong>\u00a0busc\u00e1ndonos esas fotos del recuerdo.<\/div>\n<div><\/div>\n<div>La p\u00e1gina ha ido cambiando y evolucionando (Pensamos que para bien) y desde mediado del 2011 se incorpora a nuestro portal Freddy V\u00e1squez y el equipo de Print Stop, las esperadas reformas, llevando a Sosuaonline.net a la la Versi\u00f3n Web 2.0 y poder integrar a nuestro portal las redes social, multimedias, todo junto al plano informativo. En esta etapa se integran los colaboradores Glenny Esther Brito, Sarah Javier, Yahairy Brito,\u00a0Jhonatan P\u00e9rez, Eddyson M. Vicioso, Jonatan, \u00a0Jairo Blaze, Jeffrey Mel\u00e9ndez y dem\u00e1s.<br \/>\n<a href=\"http:\/\/sosuaonline.net\/inicio\/wp-content\/uploads\/2014\/06\/logos-de-sosuaonline.gif\" rel=\"attachment wp-att-51884\"><img loading=\"lazy\" decoding=\"async\" data-attachment-id=\"51884\" data-permalink=\"https:\/\/sosuaonline.net\/inicio\/nosotros\/logos-de-sosuaonline\/\" data-orig-file=\"https:\/\/sosuaonline.net\/inicio\/wp-content\/uploads\/2014\/06\/logos-de-sosuaonline.gif\" data-orig-size=\"450,360\" data-comments-opened=\"0\" data-image-meta=\"{&quot;aperture&quot;:&quot;0&quot;,&quot;credit&quot;:&quot;&quot;,&quot;camera&quot;:&quot;&quot;,&quot;caption&quot;:&quot;&quot;,&quot;created_timestamp&quot;:&quot;0&quot;,&quot;copyright&quot;:&quot;&quot;,&quot;focal_length&quot;:&quot;0&quot;,&quot;iso&quot;:&quot;0&quot;,&quot;shutter_speed&quot;:&quot;0&quot;,&quot;title&quot;:&quot;&quot;,&quot;orientation&quot;:&quot;0&quot;}\" data-image-title=\"logos de sosuaonline\" data-image-description=\"\" data-image-caption=\"\" data-medium-file=\"https:\/\/sosuaonline.net\/inicio\/wp-content\/uploads\/2014\/06\/logos-de-sosuaonline.gif\" data-large-file=\"https:\/\/sosuaonline.net\/inicio\/wp-content\/uploads\/2014\/06\/logos-de-sosuaonline.gif\" class=\"aligncenter size-full wp-image-51884\" src=\"http:\/\/sosuaonline.net\/inicio\/wp-content\/uploads\/2014\/06\/logos-de-sosuaonline.gif\" alt=\"logos de sosuaonline\" width=\"450\" height=\"360\" \/><\/a><\/div>\n<div><\/div>\n<div>Como es costumbre la historia no se detiene y nosotros seguimos el proceso de evoluci\u00f3n, por eso en conjunto con Gabriel Rodr\u00edguez de Print Stop, buscamos proteger lo mejor, corregir los fallos e implementar algo nuevo, para hacer que Sos\u00faa Online se un portal mucho m\u00e1s agradable; para el mes de junio del 2014 nace la versi\u00f3n Web 3.0 del Portal Que Nos Une!<\/div>\n<div>Esperamos cumplir con algunas metas y tener para ustedes\u00a0 EL \u00daNICO PORTAL QUE NOS UNE!<\/div>\n<div><strong>DIOS BENDIGA LAS MENTES QUE PIENSAN EN UNIFICAR LOS DESEOS PARA BIENESTAR DE TODOS!<\/strong><\/div>\n","protected":false},"excerpt":{"rendered":"<p>Sos\u00faa Online \u2013 El Portal Que Nos Une! Somos un grupo de j\u00f3venes que tenemos el pleno deseo de que Sos\u00faa no solo est\u00e9 en el mapa geogr\u00e1fico de la Rep\u00fablica Dominicana, sino en el mundo, v\u00eda un portal que muestre las verdaderas ideas y pensamiento de su comunidad, pero siempre contando con el apoyo de su gente y nosotros apoyando a nuestro Sos\u00faa. Nos basamos en las ideas de que Sos\u00faa tiene que expresar lo que siente y esperamos que sieta este medio suyo, porque este es nuestro deseo, Sosuaonline.net y\/o Sosuaonline.com.do\u00a0es el portal que nos une. Objetivos: Hacer que estemos unidos, tanto nuestra gente que est\u00e1 aqu\u00ed en el pa\u00eds, como el que este en el exterior, siempre \u00a0con el pensamiento de que prevalezcan los valores, buenas costumbres y sobre todo, presentar de una manera jovial las informaciones. Adem\u00e1s de que el contenido de nuestro portal sea lo que ustedes pidan y deseen, pero con criterio de que la verdad sea nuestro norte y que Dios ilumine el camino para tener la suficiente sabidur\u00eda, teniendo siempre presente que lo importante no es lo econ\u00f3mico, sino luchar porque nuestro pueblo sea lo que fue un d\u00eda,\u00a0UN PUEBLO BELLO CON GENTE BONDADOZA Y SENCILLA. Agradecimientos: Son muchos los agradecimientos, comenzando con todas las personas que se aproximan a cada uno de nosotros y nos expresan su alegr\u00eda de la creaci\u00f3n de este portal, pero tambi\u00e9n le agradecemos a cada uno de los colaboradores, a todos los usuarios que diariamente nos visitan y nos dicen en que nos equivocamos, para asi corregirlo; porque en su portal no puede haber errores, nos reclaman. Breve Historia de Sosuaonline.net y\/o Sosuaonline.com.do Sos\u00faa Online surge un\u00a014 de mayo del 2008, pero la verdadera historia de nuestro portal se remonta a principio del mes de febrero que el\u00a0Ing. Luis Jacobo Almonte (Anderson)\u00a0recibe un mensaje por HI5 de parte de\u00a0Carlos Manuel Guzm\u00e1n Mart\u00ednez, el cual le ped\u00eda que dispusiera de sus buenos servicios para crear una p\u00e1gina de Internet que fuera como otras que\u00a0 mantienen a su pueblo informado, que \u00e9l aportar\u00eda lo que pudiera. Anderson recibe este mensaje 3 meses despu\u00e9s y aunque hab\u00eda tenido la idea desde hace mucho tiempo, se motiva porque entra a un foro de sosuenses que ped\u00edan una manera de comunicarse. As\u00ed comienza la historia, no cobrando nada por la motivaci\u00f3n que al final pasar\u00eda a beneficiar a todos los sosuenses.| Anderson se comunica con su amigo, el\u00a0Ing. Jos\u00e9 Eduardo Rosario\u00a0y le pide ayuda por la parte m\u00e1s delicada de la p\u00e1gina y ah\u00ed comienza el proyecto, Eduardo pasa a ser el Web Master y ese 14 de mayo con Sosuaonline.net versi\u00f3n Web 1.0, comenzamos con apenas dos m\u00f3dulos: Noticias y art\u00edculos. Llegando a ser confundidos con peri\u00f3dicos digitales de la zona en ese momento. Hoy en d\u00eda tenemos un sinn\u00famero de m\u00f3dulos que esperamos que sean de su agrado y con proyecci\u00f3n de incorporar m\u00e1s. Una persona que se integra al proyecto, colaborando fuertemente con las im\u00e1genes es\u00a0Orlando Mart\u00ednez. Quien nos prest\u00f3 su c\u00e1mara en todo momento que era necesaria. M\u00e1s luego se anexan\u00a0Neferson De La Cruz, Jos\u00e9 Alfredo Mercado (Ca\u00f1\u00f3n) y Richie, Freysy, Glenny y dem\u00e1s,\u00a0busc\u00e1ndonos esas fotos del recuerdo. La p\u00e1gina ha ido cambiando y evolucionando (Pensamos que para bien) y desde mediado del 2011 se incorpora a nuestro portal Freddy V\u00e1squez y el equipo de Print Stop, las esperadas reformas, llevando a Sosuaonline.net a la la Versi\u00f3n Web 2.0 y poder integrar a nuestro portal las redes social, multimedias, todo junto al plano informativo. En esta etapa se integran los colaboradores Glenny Esther Brito, Sarah Javier, Yahairy Brito,\u00a0Jhonatan P\u00e9rez, Eddyson M. Vicioso, Jonatan, \u00a0Jairo Blaze, Jeffrey Mel\u00e9ndez y dem\u00e1s. Como es costumbre la historia no se detiene y nosotros seguimos el proceso de evoluci\u00f3n, por eso en conjunto con Gabriel Rodr\u00edguez de Print Stop, buscamos proteger lo mejor, corregir los fallos e implementar algo nuevo, para hacer que Sos\u00faa Online se un portal mucho m\u00e1s agradable; para el mes de junio del 2014 nace la versi\u00f3n Web 3.0 del Portal Que Nos Une! Esperamos cumplir con algunas metas y tener para ustedes\u00a0 EL \u00daNICO PORTAL QUE NOS UNE! DIOS BENDIGA LAS MENTES QUE PIENSAN EN UNIFICAR LOS DESEOS PARA BIENESTAR DE TODOS!<\/p>\n","protected":false},"author":3,"featured_media":4637,"parent":0,"menu_order":0,"comment_status":"closed","ping_status":"closed","template":"","meta":{"advanced_seo_description":"","jetpack_seo_html_title":"","jetpack_seo_noindex":false,"footnotes":""},"class_list":["post-4636","page","type-page","status-publish","has-post-thumbnail","hentry"],"jetpack_sharing_enabled":true,"_links":{"self":[{"href":"https:\/\/sosuaonline.net\/inicio\/wp-json\/wp\/v2\/pages\/4636","targetHints":{"allow":["GET"]}}],"collection":[{"href":"https:\/\/sosuaonline.net\/inicio\/wp-json\/wp\/v2\/pages"}],"about":[{"href":"https:\/\/sosuaonline.net\/inicio\/wp-json\/wp\/v2\/types\/page"}],"author":[{"embeddable":true,"href":"https:\/\/sosuaonline.net\/inicio\/wp-json\/wp\/v2\/users\/3"}],"replies":[{"embeddable":true,"href":"https:\/\/sosuaonline.net\/inicio\/wp-json\/wp\/v2\/comments?post=4636"}],"version-history":[{"count":10,"href":"https:\/\/sosuaonline.net\/inicio\/wp-json\/wp\/v2\/pages\/4636\/revisions"}],"predecessor-version":[{"id":51885,"href":"https:\/\/sosuaonline.net\/inicio\/wp-json\/wp\/v2\/pages\/4636\/revisions\/51885"}],"wp:featuredmedia":[{"embeddable":true,"href":"https:\/\/sosuaonline.net\/inicio\/wp-json\/wp\/v2\/media\/4637"}],"wp:attachment":[{"href":"https:\/\/sosuaonline.net\/inicio\/wp-json\/wp\/v2\/media?parent=4636"}],"curies":[{"name":"wp","href":"https:\/\/api.w.org\/{rel}","templated":true}]}}